{"id":76,"date":"2026-02-08T11:22:30","date_gmt":"2026-02-08T10:22:30","guid":{"rendered":"https:\/\/guillaume-art.fr\/?page_id=76"},"modified":"2026-05-02T15:42:51","modified_gmt":"2026-05-02T14:42:51","slug":"mentions-legales","status":"publish","type":"page","link":"https:\/\/guillaume-art.fr\/index.php\/mentions-legales\/","title":{"rendered":"MENTIONS L\u00c9GALES"},"content":{"rendered":"\n<p>Artiste peintre &#8211; en cours d&rsquo;immatriculation<\/p>\n\n\n\n<p>Pour toute demande, merci de vous adresser \u00e0 contact@guillaume-art.fr  <\/p>\n\n\n\n<p><\/p>\n\n\n\n<p>Toutes les \u0153uvres publi\u00e9es sur ce site web sont prot\u00e9g\u00e9es en vertu de <strong>l&rsquo;article L.<\/strong> <strong>112-<\/strong>1 du Code de la Propri\u00e9t\u00e9 Individuelle. Toute utilisation \u00e0 des fins de commercialisation, publicitaire ou de diffusion hors d&rsquo;un usage priv\u00e9 sont susceptibles de faire l&rsquo;objet de poursuites devant les tribunaux fran\u00e7ais.<\/p>\n","protected":false},"excerpt":{"rendered":"<p>Artiste peintre &#8211; en cours d&rsquo;immatriculation Pour toute demande, merci de vous adresser \u00e0 contact@guillaume-art.fr Toutes les \u0153uvres publi\u00e9es sur ce site web sont prot\u00e9g\u00e9es en vertu de l&rsquo;article L. 112-1 du Code de la Propri\u00e9t\u00e9 Individuelle. Toute utilisation \u00e0 des fins de commercialisation, publicitaire ou de diffusion hors d&rsquo;un usage priv\u00e9 sont susceptibles de [&hellip;]<\/p>\n","protected":false},"author":1,"featured_media":0,"parent":0,"menu_order":0,"comment_status":"closed","ping_status":"closed","template":"","meta":{"footnotes":""},"class_list":["post-76","page","type-page","status-publish","hentry"],"_links":{"self":[{"href":"https:\/\/guillaume-art.fr\/index.php\/wp-json\/wp\/v2\/pages\/76","targetHints":{"allow":["GET"]}}],"collection":[{"href":"https:\/\/guillaume-art.fr\/index.php\/wp-json\/wp\/v2\/pages"}],"about":[{"href":"https:\/\/guillaume-art.fr\/index.php\/wp-json\/wp\/v2\/types\/page"}],"author":[{"embeddable":true,"href":"https:\/\/guillaume-art.fr\/index.php\/wp-json\/wp\/v2\/users\/1"}],"replies":[{"embeddable":true,"href":"https:\/\/guillaume-art.fr\/index.php\/wp-json\/wp\/v2\/comments?post=76"}],"version-history":[{"count":2,"href":"https:\/\/guillaume-art.fr\/index.php\/wp-json\/wp\/v2\/pages\/76\/revisions"}],"predecessor-version":[{"id":143,"href":"https:\/\/guillaume-art.fr\/index.php\/wp-json\/wp\/v2\/pages\/76\/revisions\/143"}],"wp:attachment":[{"href":"https:\/\/guillaume-art.fr\/index.php\/wp-json\/wp\/v2\/media?parent=76"}],"curies":[{"name":"wp","href":"https:\/\/api.w.org\/{rel}","templated":true}]}}