{"id":148,"date":"2026-05-07T16:24:20","date_gmt":"2026-05-07T15:24:20","guid":{"rendered":"https:\/\/guillaume-art.fr\/?page_id=148"},"modified":"2026-05-07T16:29:33","modified_gmt":"2026-05-07T15:29:33","slug":"a-propos-de-moi","status":"publish","type":"page","link":"https:\/\/guillaume-art.fr\/index.php\/a-propos-de-moi\/","title":{"rendered":"\u00c0 PROPOS DE MOI"},"content":{"rendered":"\n<figure class=\"wp-block-image alignright size-large is-resized\"><img loading=\"lazy\" decoding=\"async\" width=\"771\" height=\"1024\" src=\"https:\/\/guillaume-art.fr\/wp-content\/uploads\/2026\/05\/photo-aquarelle-apremont-1-771x1024.jpeg\" alt=\"\" class=\"wp-image-151\" style=\"aspect-ratio:0.7557711920291672;width:288px;height:auto\" srcset=\"https:\/\/guillaume-art.fr\/wp-content\/uploads\/2026\/05\/photo-aquarelle-apremont-1-771x1024.jpeg 771w, https:\/\/guillaume-art.fr\/wp-content\/uploads\/2026\/05\/photo-aquarelle-apremont-1-226x300.jpeg 226w, https:\/\/guillaume-art.fr\/wp-content\/uploads\/2026\/05\/photo-aquarelle-apremont-1-768x1020.jpeg 768w, https:\/\/guillaume-art.fr\/wp-content\/uploads\/2026\/05\/photo-aquarelle-apremont-1-1157x1536.jpeg 1157w, https:\/\/guillaume-art.fr\/wp-content\/uploads\/2026\/05\/photo-aquarelle-apremont-1.jpeg 1536w\" sizes=\"auto, (max-width: 771px) 100vw, 771px\" \/><\/figure>\n\n\n\n<p>Artiste fran\u00e7ais autodidacte, je m&rsquo;inspire de mes visites aux mus\u00e9es et de la Nature qui m&rsquo;entoure pour cr\u00e9er des \u0153uvres uniques.<\/p>\n\n\n\n<p>Mes choix de sujet sont principalement les paysages et les sujets animaliers et ce depuis que cette passion m&rsquo;anime, soit depuis plus de 20 ans&#8230;<\/p>\n\n\n\n<p>Je travaille en atelier mais n&rsquo;h\u00e9site pas \u00e0 sortir crayon et pinceaux en ext\u00e9rieur d\u00e8s que la m\u00e9t\u00e9o le permet !<\/p>\n\n\n\n<p>Appliqu\u00e9 et consciencieux, je donnerai le meilleur de moi pour immortaliser un souvenir, un moment ou juste une envie d&rsquo;\u00e9vasion \u00e0 accrocher o\u00f9 bon vous semble.<\/p>\n\n\n\n<figure class=\"wp-block-image alignleft size-large is-resized\"><img loading=\"lazy\" decoding=\"async\" width=\"771\" height=\"1024\" src=\"http:\/\/guillaume-art.fr\/wp-content\/uploads\/2026\/05\/photo-dessin-dourven-771x1024.jpeg\" alt=\"\" class=\"wp-image-149\" style=\"aspect-ratio:0.7563320933777785;width:306px;height:auto\" srcset=\"https:\/\/guillaume-art.fr\/wp-content\/uploads\/2026\/05\/photo-dessin-dourven-771x1024.jpeg 771w, https:\/\/guillaume-art.fr\/wp-content\/uploads\/2026\/05\/photo-dessin-dourven-226x300.jpeg 226w, https:\/\/guillaume-art.fr\/wp-content\/uploads\/2026\/05\/photo-dessin-dourven-768x1021.jpeg 768w, https:\/\/guillaume-art.fr\/wp-content\/uploads\/2026\/05\/photo-dessin-dourven-1156x1536.jpeg 1156w, https:\/\/guillaume-art.fr\/wp-content\/uploads\/2026\/05\/photo-dessin-dourven.jpeg 1204w\" sizes=\"auto, (max-width: 771px) 100vw, 771px\" \/><\/figure>\n\n\n\n<div class=\"wp-block-group is-nowrap is-layout-flex wp-container-core-group-is-layout-6c531013 wp-block-group-is-layout-flex\">\n<p>                                                                                                                           <\/p>\n<\/div>\n\n\n\n<div class=\"wp-block-group has-global-padding is-layout-constrained wp-block-group-is-layout-constrained\">\n<div class=\"wp-block-group is-vertical is-layout-flex wp-container-core-group-is-layout-fe9cc265 wp-block-group-is-layout-flex\">\n<p class=\"has-text-align-right\"><em>Self-taught French artist, I am inspired by my visits to museums and the Nature that surrounds me to create unique works.<\/em> <\/p>\n\n\n\n<p class=\"has-text-align-right\"><em>My choice of subject is mainly landscapes and animal subjects since this<\/em> <em>passion has driven me, for more than 20 years\u2026<\/em> <\/p>\n\n\n\n<p class=\"has-text-align-right\"><em>I work in the studio but don&rsquo;t hesitate to take pencil and brushes outside as<\/em> <em>soon as the weather permits !<\/em> <\/p>\n\n\n\n<p class=\"has-text-align-right\"><em>Diligent and conscientious, I will give the best of mys self to immortalize <\/em>a<em> memory, a moment or just a desire to escape to hang wherever you wish.<\/em><\/p>\n<\/div>\n<\/div>\n\n\n\n<p><\/p>\n\n\n\n<div class=\"wp-block-group is-nowrap is-layout-flex wp-container-core-group-is-layout-6c531013 wp-block-group-is-layout-flex\"><\/div>\n","protected":false},"excerpt":{"rendered":"<p>Artiste fran\u00e7ais autodidacte, je m&rsquo;inspire de mes visites aux mus\u00e9es et de la Nature qui m&rsquo;entoure pour cr\u00e9er des \u0153uvres uniques. Mes choix de sujet sont principalement les paysages et les sujets animaliers et ce depuis que cette passion m&rsquo;anime, soit depuis plus de 20 ans&#8230; Je travaille en atelier mais n&rsquo;h\u00e9site pas \u00e0 sortir [&hellip;]<\/p>\n","protected":false},"author":1,"featured_media":0,"parent":0,"menu_order":0,"comment_status":"closed","ping_status":"closed","template":"","meta":{"footnotes":""},"class_list":["post-148","page","type-page","status-publish","hentry"],"_links":{"self":[{"href":"https:\/\/guillaume-art.fr\/index.php\/wp-json\/wp\/v2\/pages\/148","targetHints":{"allow":["GET"]}}],"collection":[{"href":"https:\/\/guillaume-art.fr\/index.php\/wp-json\/wp\/v2\/pages"}],"about":[{"href":"https:\/\/guillaume-art.fr\/index.php\/wp-json\/wp\/v2\/types\/page"}],"author":[{"embeddable":true,"href":"https:\/\/guillaume-art.fr\/index.php\/wp-json\/wp\/v2\/users\/1"}],"replies":[{"embeddable":true,"href":"https:\/\/guillaume-art.fr\/index.php\/wp-json\/wp\/v2\/comments?post=148"}],"version-history":[{"count":2,"href":"https:\/\/guillaume-art.fr\/index.php\/wp-json\/wp\/v2\/pages\/148\/revisions"}],"predecessor-version":[{"id":156,"href":"https:\/\/guillaume-art.fr\/index.php\/wp-json\/wp\/v2\/pages\/148\/revisions\/156"}],"wp:attachment":[{"href":"https:\/\/guillaume-art.fr\/index.php\/wp-json\/wp\/v2\/media?parent=148"}],"curies":[{"name":"wp","href":"https:\/\/api.w.org\/{rel}","templated":true}]}}